{"id":2544,"date":"2024-02-01T22:27:27","date_gmt":"2024-02-01T21:27:27","guid":{"rendered":"https:\/\/laffittecarcasset.com\/notre-offre-pour-les-professionnels\/"},"modified":"2024-03-04T10:12:44","modified_gmt":"2024-03-04T09:12:44","slug":"our-offer-to-professionals","status":"publish","type":"page","link":"https:\/\/laffittecarcasset.com\/en\/our-offer-to-professionals\/","title":{"rendered":"Our offer to professionals"},"content":{"rendered":"","protected":false},"excerpt":{"rendered":"","protected":false},"author":1,"featured_media":0,"parent":0,"menu_order":0,"comment_status":"closed","ping_status":"closed","template":"offres_pro.php","meta":{"_acf_changed":false,"inline_featured_image":false,"footnotes":""},"class_list":["post-2544","page","type-page","status-publish","hentry"],"acf":[],"yoast_head":"<!-- This site is optimized with the Yoast SEO plugin v27.5 - https:\/\/yoast.com\/product\/yoast-seo-wordpress\/ -->\n<title>Our offer to professionals &#8226; Ch\u00e2teau Laffitte Carcasset, Saint-Est\u00e8phe<\/title>\n<meta name=\"description\" content=\"La propri\u00e9t\u00e9 change de mains au d\u00e9but du 19\u00e8me si\u00e8cle mais le nom de Laffitte reste attach\u00e9 au vignoble qui devient le Ch\u00e2teau \u00ab Laffitte-Saint-Est\u00e8phe \u00bb puis \u00ab Laffitte-Carcasset \u00bb. Plusieurs familles de propri\u00e9taires se succ\u00e8dent, jusqu\u2019\u00e0 l\u2019arriv\u00e9e en 2016 de Pierre Rousseau.\" \/>\n<meta name=\"robots\" content=\"index, follow, max-snippet:-1, max-image-preview:large, max-video-preview:-1\" \/>\n<link rel=\"canonical\" href=\"https:\/\/laffittecarcasset.com\/en\/our-offer-to-professionals\/\" \/>\n<meta property=\"og:locale\" content=\"en_US\" \/>\n<meta property=\"og:type\" content=\"article\" \/>\n<meta property=\"og:title\" content=\"Our offer to professionals &#8226; Ch\u00e2teau Laffitte Carcasset, Saint-Est\u00e8phe\" \/>\n<meta property=\"og:description\" content=\"La propri\u00e9t\u00e9 change de mains au d\u00e9but du 19\u00e8me si\u00e8cle mais le nom de Laffitte reste attach\u00e9 au vignoble qui devient le Ch\u00e2teau \u00ab Laffitte-Saint-Est\u00e8phe \u00bb puis \u00ab Laffitte-Carcasset \u00bb. Plusieurs familles de propri\u00e9taires se succ\u00e8dent, jusqu\u2019\u00e0 l\u2019arriv\u00e9e en 2016 de Pierre Rousseau.\" \/>\n<meta property=\"og:url\" content=\"https:\/\/laffittecarcasset.com\/en\/our-offer-to-professionals\/\" \/>\n<meta property=\"og:site_name\" content=\"Ch\u00e2teau Laffitte Carcasset, Saint-Est\u00e8phe\" \/>\n<meta property=\"article:publisher\" content=\"https:\/\/fr-fr.facebook.com\/ChateauLaffitteCarcasset\/\" \/>\n<meta property=\"article:modified_time\" content=\"2024-03-04T09:12:44+00:00\" \/>\n<meta property=\"og:image\" content=\"https:\/\/laffittecarcasset.com\/wp-content\/uploads\/2022\/12\/Chateau-Laffitte-Carcasset-202205-314.jpg\" \/>\n\t<meta property=\"og:image:width\" content=\"1619\" \/>\n\t<meta property=\"og:image:height\" content=\"1080\" \/>\n\t<meta property=\"og:image:type\" content=\"image\/jpeg\" \/>\n<meta name=\"twitter:card\" content=\"summary_large_image\" \/>\n<meta name=\"twitter:label1\" content=\"Est. reading time\" \/>\n\t<meta name=\"twitter:data1\" content=\"2 minutes\" \/>\n<script type=\"application\/ld+json\" class=\"yoast-schema-graph\">{\"@context\":\"https:\\\/\\\/schema.org\",\"@graph\":[{\"@type\":\"WebPage\",\"@id\":\"https:\\\/\\\/laffittecarcasset.com\\\/en\\\/our-offer-to-professionals\\\/\",\"url\":\"https:\\\/\\\/laffittecarcasset.com\\\/en\\\/our-offer-to-professionals\\\/\",\"name\":\"Our offer to professionals &#8226; Ch\u00e2teau Laffitte Carcasset, Saint-Est\u00e8phe\",\"isPartOf\":{\"@id\":\"https:\\\/\\\/laffittecarcasset.com\\\/#website\"},\"datePublished\":\"2024-02-01T21:27:27+00:00\",\"dateModified\":\"2024-03-04T09:12:44+00:00\",\"description\":\"La propri\u00e9t\u00e9 change de mains au d\u00e9but du 19\u00e8me si\u00e8cle mais le nom de Laffitte reste attach\u00e9 au vignoble qui devient le Ch\u00e2teau \u00ab Laffitte-Saint-Est\u00e8phe \u00bb puis \u00ab Laffitte-Carcasset \u00bb. Plusieurs familles de propri\u00e9taires se succ\u00e8dent, jusqu\u2019\u00e0 l\u2019arriv\u00e9e en 2016 de Pierre Rousseau.\",\"breadcrumb\":{\"@id\":\"https:\\\/\\\/laffittecarcasset.com\\\/en\\\/our-offer-to-professionals\\\/#breadcrumb\"},\"inLanguage\":\"en-US\",\"potentialAction\":[{\"@type\":\"ReadAction\",\"target\":[\"https:\\\/\\\/laffittecarcasset.com\\\/en\\\/our-offer-to-professionals\\\/\"]}]},{\"@type\":\"BreadcrumbList\",\"@id\":\"https:\\\/\\\/laffittecarcasset.com\\\/en\\\/our-offer-to-professionals\\\/#breadcrumb\",\"itemListElement\":[{\"@type\":\"ListItem\",\"position\":1,\"name\":\"Accueil\",\"item\":\"https:\\\/\\\/laffittecarcasset.com\\\/en\\\/\"},{\"@type\":\"ListItem\",\"position\":2,\"name\":\"Our offer to professionals\"}]},{\"@type\":\"WebSite\",\"@id\":\"https:\\\/\\\/laffittecarcasset.com\\\/#website\",\"url\":\"https:\\\/\\\/laffittecarcasset.com\\\/\",\"name\":\"Ch\u00e2teau Laffitte Carcasset, Saint-Est\u00e8phe\",\"description\":\"Fond\u00e9 en 1759. Certifi\u00e9 HVE3 (High Environmental Value). Chambres d\u2019h\u00f4tes\",\"publisher\":{\"@id\":\"https:\\\/\\\/laffittecarcasset.com\\\/#organization\"},\"potentialAction\":[{\"@type\":\"SearchAction\",\"target\":{\"@type\":\"EntryPoint\",\"urlTemplate\":\"https:\\\/\\\/laffittecarcasset.com\\\/?s={search_term_string}\"},\"query-input\":{\"@type\":\"PropertyValueSpecification\",\"valueRequired\":true,\"valueName\":\"search_term_string\"}}],\"inLanguage\":\"en-US\"},{\"@type\":\"Organization\",\"@id\":\"https:\\\/\\\/laffittecarcasset.com\\\/#organization\",\"name\":\"Ch\u00e2teau Laffitte Carcasset, Saint-Est\u00e8phe\",\"url\":\"https:\\\/\\\/laffittecarcasset.com\\\/\",\"logo\":{\"@type\":\"ImageObject\",\"inLanguage\":\"en-US\",\"@id\":\"https:\\\/\\\/laffittecarcasset.com\\\/#\\\/schema\\\/logo\\\/image\\\/\",\"url\":\"https:\\\/\\\/laffittecarcasset.com\\\/wp-content\\\/uploads\\\/2022\\\/06\\\/Laffitte-Carcasset-noir.svg\",\"contentUrl\":\"https:\\\/\\\/laffittecarcasset.com\\\/wp-content\\\/uploads\\\/2022\\\/06\\\/Laffitte-Carcasset-noir.svg\",\"width\":\"1024\",\"height\":\"1024\",\"caption\":\"Ch\u00e2teau Laffitte Carcasset, Saint-Est\u00e8phe\"},\"image\":{\"@id\":\"https:\\\/\\\/laffittecarcasset.com\\\/#\\\/schema\\\/logo\\\/image\\\/\"},\"sameAs\":[\"https:\\\/\\\/fr-fr.facebook.com\\\/ChateauLaffitteCarcasset\\\/\",\"https:\\\/\\\/www.instagram.com\\\/chateau_laffitte_carcasset\\\/\"]}]}<\/script>\n<!-- \/ Yoast SEO plugin. -->","yoast_head_json":{"title":"Our offer to professionals &#8226; Ch\u00e2teau Laffitte Carcasset, Saint-Est\u00e8phe","description":"La propri\u00e9t\u00e9 change de mains au d\u00e9but du 19\u00e8me si\u00e8cle mais le nom de Laffitte reste attach\u00e9 au vignoble qui devient le Ch\u00e2teau \u00ab Laffitte-Saint-Est\u00e8phe \u00bb puis \u00ab Laffitte-Carcasset \u00bb. Plusieurs familles de propri\u00e9taires se succ\u00e8dent, jusqu\u2019\u00e0 l\u2019arriv\u00e9e en 2016 de Pierre Rousseau.","robots":{"index":"index","follow":"follow","max-snippet":"max-snippet:-1","max-image-preview":"max-image-preview:large","max-video-preview":"max-video-preview:-1"},"canonical":"https:\/\/laffittecarcasset.com\/en\/our-offer-to-professionals\/","og_locale":"en_US","og_type":"article","og_title":"Our offer to professionals &#8226; Ch\u00e2teau Laffitte Carcasset, Saint-Est\u00e8phe","og_description":"La propri\u00e9t\u00e9 change de mains au d\u00e9but du 19\u00e8me si\u00e8cle mais le nom de Laffitte reste attach\u00e9 au vignoble qui devient le Ch\u00e2teau \u00ab Laffitte-Saint-Est\u00e8phe \u00bb puis \u00ab Laffitte-Carcasset \u00bb. Plusieurs familles de propri\u00e9taires se succ\u00e8dent, jusqu\u2019\u00e0 l\u2019arriv\u00e9e en 2016 de Pierre Rousseau.","og_url":"https:\/\/laffittecarcasset.com\/en\/our-offer-to-professionals\/","og_site_name":"Ch\u00e2teau Laffitte Carcasset, Saint-Est\u00e8phe","article_publisher":"https:\/\/fr-fr.facebook.com\/ChateauLaffitteCarcasset\/","article_modified_time":"2024-03-04T09:12:44+00:00","og_image":[{"width":1619,"height":1080,"url":"https:\/\/laffittecarcasset.com\/wp-content\/uploads\/2022\/12\/Chateau-Laffitte-Carcasset-202205-314.jpg","type":"image\/jpeg"}],"twitter_card":"summary_large_image","twitter_misc":{"Est. reading time":"2 minutes"},"schema":{"@context":"https:\/\/schema.org","@graph":[{"@type":"WebPage","@id":"https:\/\/laffittecarcasset.com\/en\/our-offer-to-professionals\/","url":"https:\/\/laffittecarcasset.com\/en\/our-offer-to-professionals\/","name":"Our offer to professionals &#8226; Ch\u00e2teau Laffitte Carcasset, Saint-Est\u00e8phe","isPartOf":{"@id":"https:\/\/laffittecarcasset.com\/#website"},"datePublished":"2024-02-01T21:27:27+00:00","dateModified":"2024-03-04T09:12:44+00:00","description":"La propri\u00e9t\u00e9 change de mains au d\u00e9but du 19\u00e8me si\u00e8cle mais le nom de Laffitte reste attach\u00e9 au vignoble qui devient le Ch\u00e2teau \u00ab Laffitte-Saint-Est\u00e8phe \u00bb puis \u00ab Laffitte-Carcasset \u00bb. Plusieurs familles de propri\u00e9taires se succ\u00e8dent, jusqu\u2019\u00e0 l\u2019arriv\u00e9e en 2016 de Pierre Rousseau.","breadcrumb":{"@id":"https:\/\/laffittecarcasset.com\/en\/our-offer-to-professionals\/#breadcrumb"},"inLanguage":"en-US","potentialAction":[{"@type":"ReadAction","target":["https:\/\/laffittecarcasset.com\/en\/our-offer-to-professionals\/"]}]},{"@type":"BreadcrumbList","@id":"https:\/\/laffittecarcasset.com\/en\/our-offer-to-professionals\/#breadcrumb","itemListElement":[{"@type":"ListItem","position":1,"name":"Accueil","item":"https:\/\/laffittecarcasset.com\/en\/"},{"@type":"ListItem","position":2,"name":"Our offer to professionals"}]},{"@type":"WebSite","@id":"https:\/\/laffittecarcasset.com\/#website","url":"https:\/\/laffittecarcasset.com\/","name":"Ch\u00e2teau Laffitte Carcasset, Saint-Est\u00e8phe","description":"Fond\u00e9 en 1759. Certifi\u00e9 HVE3 (High Environmental Value). Chambres d\u2019h\u00f4tes","publisher":{"@id":"https:\/\/laffittecarcasset.com\/#organization"},"potentialAction":[{"@type":"SearchAction","target":{"@type":"EntryPoint","urlTemplate":"https:\/\/laffittecarcasset.com\/?s={search_term_string}"},"query-input":{"@type":"PropertyValueSpecification","valueRequired":true,"valueName":"search_term_string"}}],"inLanguage":"en-US"},{"@type":"Organization","@id":"https:\/\/laffittecarcasset.com\/#organization","name":"Ch\u00e2teau Laffitte Carcasset, Saint-Est\u00e8phe","url":"https:\/\/laffittecarcasset.com\/","logo":{"@type":"ImageObject","inLanguage":"en-US","@id":"https:\/\/laffittecarcasset.com\/#\/schema\/logo\/image\/","url":"https:\/\/laffittecarcasset.com\/wp-content\/uploads\/2022\/06\/Laffitte-Carcasset-noir.svg","contentUrl":"https:\/\/laffittecarcasset.com\/wp-content\/uploads\/2022\/06\/Laffitte-Carcasset-noir.svg","width":"1024","height":"1024","caption":"Ch\u00e2teau Laffitte Carcasset, Saint-Est\u00e8phe"},"image":{"@id":"https:\/\/laffittecarcasset.com\/#\/schema\/logo\/image\/"},"sameAs":["https:\/\/fr-fr.facebook.com\/ChateauLaffitteCarcasset\/","https:\/\/www.instagram.com\/chateau_laffitte_carcasset\/"]}]}},"_links":{"self":[{"href":"https:\/\/laffittecarcasset.com\/en\/wp-json\/wp\/v2\/pages\/2544","targetHints":{"allow":["GET"]}}],"collection":[{"href":"https:\/\/laffittecarcasset.com\/en\/wp-json\/wp\/v2\/pages"}],"about":[{"href":"https:\/\/laffittecarcasset.com\/en\/wp-json\/wp\/v2\/types\/page"}],"author":[{"embeddable":true,"href":"https:\/\/laffittecarcasset.com\/en\/wp-json\/wp\/v2\/users\/1"}],"replies":[{"embeddable":true,"href":"https:\/\/laffittecarcasset.com\/en\/wp-json\/wp\/v2\/comments?post=2544"}],"version-history":[{"count":8,"href":"https:\/\/laffittecarcasset.com\/en\/wp-json\/wp\/v2\/pages\/2544\/revisions"}],"predecessor-version":[{"id":2558,"href":"https:\/\/laffittecarcasset.com\/en\/wp-json\/wp\/v2\/pages\/2544\/revisions\/2558"}],"wp:attachment":[{"href":"https:\/\/laffittecarcasset.com\/en\/wp-json\/wp\/v2\/media?parent=2544"}],"curies":[{"name":"wp","href":"https:\/\/api.w.org\/{rel}","templated":true}]}}