{"id":2111,"date":"2022-11-14T09:56:01","date_gmt":"2022-11-14T08:56:01","guid":{"rendered":"https:\/\/laffittecarcasset.com\/espace-professionnel\/"},"modified":"2024-03-04T10:04:51","modified_gmt":"2024-03-04T09:04:51","slug":"espace-professionnel","status":"publish","type":"page","link":"https:\/\/laffittecarcasset.com\/en\/espace-professionnel\/","title":{"rendered":"Espace professionnel"},"content":{"rendered":"","protected":false},"excerpt":{"rendered":"","protected":false},"author":1,"featured_media":0,"parent":0,"menu_order":0,"comment_status":"closed","ping_status":"closed","template":"pro.php","meta":{"_acf_changed":false,"inline_featured_image":false,"footnotes":""},"class_list":["post-2111","page","type-page","status-publish","hentry"],"acf":[],"yoast_head":"<!-- This site is optimized with the Yoast SEO plugin v27.3 - https:\/\/yoast.com\/product\/yoast-seo-wordpress\/ -->\n<title>Espace professionnel &#8226; Ch\u00e2teau Laffitte Carcasset, Saint-Est\u00e8phe<\/title>\n<meta name=\"robots\" content=\"index, follow, max-snippet:-1, max-image-preview:large, max-video-preview:-1\" \/>\n<link rel=\"canonical\" href=\"https:\/\/laffittecarcasset.com\/en\/espace-professionnel\/\" \/>\n<meta property=\"og:locale\" content=\"en_US\" \/>\n<meta property=\"og:type\" content=\"article\" \/>\n<meta property=\"og:title\" content=\"Espace professionnel &#8226; Ch\u00e2teau Laffitte Carcasset, Saint-Est\u00e8phe\" \/>\n<meta property=\"og:url\" content=\"https:\/\/laffittecarcasset.com\/en\/espace-professionnel\/\" \/>\n<meta property=\"og:site_name\" content=\"Ch\u00e2teau Laffitte Carcasset, Saint-Est\u00e8phe\" \/>\n<meta property=\"article:publisher\" content=\"https:\/\/fr-fr.facebook.com\/ChateauLaffitteCarcasset\/\" \/>\n<meta property=\"article:modified_time\" content=\"2024-03-04T09:04:51+00:00\" \/>\n<meta property=\"og:image\" content=\"https:\/\/laffittecarcasset.com\/wp-content\/uploads\/2022\/12\/Chateau-Laffitte-Carcasset-202205-314.jpg\" \/>\n\t<meta property=\"og:image:width\" content=\"1619\" \/>\n\t<meta property=\"og:image:height\" content=\"1080\" \/>\n\t<meta property=\"og:image:type\" content=\"image\/jpeg\" \/>\n<meta name=\"twitter:card\" content=\"summary_large_image\" \/>\n<script type=\"application\/ld+json\" class=\"yoast-schema-graph\">{\"@context\":\"https:\\\/\\\/schema.org\",\"@graph\":[{\"@type\":\"WebPage\",\"@id\":\"https:\\\/\\\/laffittecarcasset.com\\\/en\\\/espace-professionnel\\\/\",\"url\":\"https:\\\/\\\/laffittecarcasset.com\\\/en\\\/espace-professionnel\\\/\",\"name\":\"Espace professionnel &#8226; Ch\u00e2teau Laffitte Carcasset, Saint-Est\u00e8phe\",\"isPartOf\":{\"@id\":\"https:\\\/\\\/laffittecarcasset.com\\\/#website\"},\"datePublished\":\"2022-11-14T08:56:01+00:00\",\"dateModified\":\"2024-03-04T09:04:51+00:00\",\"breadcrumb\":{\"@id\":\"https:\\\/\\\/laffittecarcasset.com\\\/en\\\/espace-professionnel\\\/#breadcrumb\"},\"inLanguage\":\"en-US\",\"potentialAction\":[{\"@type\":\"ReadAction\",\"target\":[\"https:\\\/\\\/laffittecarcasset.com\\\/en\\\/espace-professionnel\\\/\"]}]},{\"@type\":\"BreadcrumbList\",\"@id\":\"https:\\\/\\\/laffittecarcasset.com\\\/en\\\/espace-professionnel\\\/#breadcrumb\",\"itemListElement\":[{\"@type\":\"ListItem\",\"position\":1,\"name\":\"Accueil\",\"item\":\"https:\\\/\\\/laffittecarcasset.com\\\/en\\\/\"},{\"@type\":\"ListItem\",\"position\":2,\"name\":\"Espace professionnel\"}]},{\"@type\":\"WebSite\",\"@id\":\"https:\\\/\\\/laffittecarcasset.com\\\/#website\",\"url\":\"https:\\\/\\\/laffittecarcasset.com\\\/\",\"name\":\"Ch\u00e2teau Laffitte Carcasset, Saint-Est\u00e8phe\",\"description\":\"Fond\u00e9 en 1759. Certifi\u00e9 HVE3 (High Environmental Value). Chambres d\u2019h\u00f4tes\",\"publisher\":{\"@id\":\"https:\\\/\\\/laffittecarcasset.com\\\/#organization\"},\"potentialAction\":[{\"@type\":\"SearchAction\",\"target\":{\"@type\":\"EntryPoint\",\"urlTemplate\":\"https:\\\/\\\/laffittecarcasset.com\\\/?s={search_term_string}\"},\"query-input\":{\"@type\":\"PropertyValueSpecification\",\"valueRequired\":true,\"valueName\":\"search_term_string\"}}],\"inLanguage\":\"en-US\"},{\"@type\":\"Organization\",\"@id\":\"https:\\\/\\\/laffittecarcasset.com\\\/#organization\",\"name\":\"Ch\u00e2teau Laffitte Carcasset, Saint-Est\u00e8phe\",\"url\":\"https:\\\/\\\/laffittecarcasset.com\\\/\",\"logo\":{\"@type\":\"ImageObject\",\"inLanguage\":\"en-US\",\"@id\":\"https:\\\/\\\/laffittecarcasset.com\\\/#\\\/schema\\\/logo\\\/image\\\/\",\"url\":\"https:\\\/\\\/laffittecarcasset.com\\\/wp-content\\\/uploads\\\/2022\\\/06\\\/Laffitte-Carcasset-noir.svg\",\"contentUrl\":\"https:\\\/\\\/laffittecarcasset.com\\\/wp-content\\\/uploads\\\/2022\\\/06\\\/Laffitte-Carcasset-noir.svg\",\"width\":\"1024\",\"height\":\"1024\",\"caption\":\"Ch\u00e2teau Laffitte Carcasset, Saint-Est\u00e8phe\"},\"image\":{\"@id\":\"https:\\\/\\\/laffittecarcasset.com\\\/#\\\/schema\\\/logo\\\/image\\\/\"},\"sameAs\":[\"https:\\\/\\\/fr-fr.facebook.com\\\/ChateauLaffitteCarcasset\\\/\",\"https:\\\/\\\/www.instagram.com\\\/chateau_laffitte_carcasset\\\/\"]}]}<\/script>\n<!-- \/ Yoast SEO plugin. -->","yoast_head_json":{"title":"Espace professionnel &#8226; Ch\u00e2teau Laffitte Carcasset, Saint-Est\u00e8phe","robots":{"index":"index","follow":"follow","max-snippet":"max-snippet:-1","max-image-preview":"max-image-preview:large","max-video-preview":"max-video-preview:-1"},"canonical":"https:\/\/laffittecarcasset.com\/en\/espace-professionnel\/","og_locale":"en_US","og_type":"article","og_title":"Espace professionnel &#8226; Ch\u00e2teau Laffitte Carcasset, Saint-Est\u00e8phe","og_url":"https:\/\/laffittecarcasset.com\/en\/espace-professionnel\/","og_site_name":"Ch\u00e2teau Laffitte Carcasset, Saint-Est\u00e8phe","article_publisher":"https:\/\/fr-fr.facebook.com\/ChateauLaffitteCarcasset\/","article_modified_time":"2024-03-04T09:04:51+00:00","og_image":[{"width":1619,"height":1080,"url":"https:\/\/laffittecarcasset.com\/wp-content\/uploads\/2022\/12\/Chateau-Laffitte-Carcasset-202205-314.jpg","type":"image\/jpeg"}],"twitter_card":"summary_large_image","schema":{"@context":"https:\/\/schema.org","@graph":[{"@type":"WebPage","@id":"https:\/\/laffittecarcasset.com\/en\/espace-professionnel\/","url":"https:\/\/laffittecarcasset.com\/en\/espace-professionnel\/","name":"Espace professionnel &#8226; Ch\u00e2teau Laffitte Carcasset, Saint-Est\u00e8phe","isPartOf":{"@id":"https:\/\/laffittecarcasset.com\/#website"},"datePublished":"2022-11-14T08:56:01+00:00","dateModified":"2024-03-04T09:04:51+00:00","breadcrumb":{"@id":"https:\/\/laffittecarcasset.com\/en\/espace-professionnel\/#breadcrumb"},"inLanguage":"en-US","potentialAction":[{"@type":"ReadAction","target":["https:\/\/laffittecarcasset.com\/en\/espace-professionnel\/"]}]},{"@type":"BreadcrumbList","@id":"https:\/\/laffittecarcasset.com\/en\/espace-professionnel\/#breadcrumb","itemListElement":[{"@type":"ListItem","position":1,"name":"Accueil","item":"https:\/\/laffittecarcasset.com\/en\/"},{"@type":"ListItem","position":2,"name":"Espace professionnel"}]},{"@type":"WebSite","@id":"https:\/\/laffittecarcasset.com\/#website","url":"https:\/\/laffittecarcasset.com\/","name":"Ch\u00e2teau Laffitte Carcasset, Saint-Est\u00e8phe","description":"Fond\u00e9 en 1759. Certifi\u00e9 HVE3 (High Environmental Value). Chambres d\u2019h\u00f4tes","publisher":{"@id":"https:\/\/laffittecarcasset.com\/#organization"},"potentialAction":[{"@type":"SearchAction","target":{"@type":"EntryPoint","urlTemplate":"https:\/\/laffittecarcasset.com\/?s={search_term_string}"},"query-input":{"@type":"PropertyValueSpecification","valueRequired":true,"valueName":"search_term_string"}}],"inLanguage":"en-US"},{"@type":"Organization","@id":"https:\/\/laffittecarcasset.com\/#organization","name":"Ch\u00e2teau Laffitte Carcasset, Saint-Est\u00e8phe","url":"https:\/\/laffittecarcasset.com\/","logo":{"@type":"ImageObject","inLanguage":"en-US","@id":"https:\/\/laffittecarcasset.com\/#\/schema\/logo\/image\/","url":"https:\/\/laffittecarcasset.com\/wp-content\/uploads\/2022\/06\/Laffitte-Carcasset-noir.svg","contentUrl":"https:\/\/laffittecarcasset.com\/wp-content\/uploads\/2022\/06\/Laffitte-Carcasset-noir.svg","width":"1024","height":"1024","caption":"Ch\u00e2teau Laffitte Carcasset, Saint-Est\u00e8phe"},"image":{"@id":"https:\/\/laffittecarcasset.com\/#\/schema\/logo\/image\/"},"sameAs":["https:\/\/fr-fr.facebook.com\/ChateauLaffitteCarcasset\/","https:\/\/www.instagram.com\/chateau_laffitte_carcasset\/"]}]}},"_links":{"self":[{"href":"https:\/\/laffittecarcasset.com\/en\/wp-json\/wp\/v2\/pages\/2111","targetHints":{"allow":["GET"]}}],"collection":[{"href":"https:\/\/laffittecarcasset.com\/en\/wp-json\/wp\/v2\/pages"}],"about":[{"href":"https:\/\/laffittecarcasset.com\/en\/wp-json\/wp\/v2\/types\/page"}],"author":[{"embeddable":true,"href":"https:\/\/laffittecarcasset.com\/en\/wp-json\/wp\/v2\/users\/1"}],"replies":[{"embeddable":true,"href":"https:\/\/laffittecarcasset.com\/en\/wp-json\/wp\/v2\/comments?post=2111"}],"version-history":[{"count":12,"href":"https:\/\/laffittecarcasset.com\/en\/wp-json\/wp\/v2\/pages\/2111\/revisions"}],"predecessor-version":[{"id":2542,"href":"https:\/\/laffittecarcasset.com\/en\/wp-json\/wp\/v2\/pages\/2111\/revisions\/2542"}],"wp:attachment":[{"href":"https:\/\/laffittecarcasset.com\/en\/wp-json\/wp\/v2\/media?parent=2111"}],"curies":[{"name":"wp","href":"https:\/\/api.w.org\/{rel}","templated":true}]}}