{"id":1556,"date":"2022-11-14T15:27:06","date_gmt":"2022-11-14T14:27:06","guid":{"rendered":"https:\/\/laffittecarcasset.com\/chateau-laffitte-carcasset-3\/"},"modified":"2022-12-16T10:38:15","modified_gmt":"2022-12-16T09:38:15","slug":"chateau-laffitte-carcasset","status":"publish","type":"page","link":"https:\/\/laffittecarcasset.com\/en\/","title":{"rendered":"Ch\u00e2teau Laffitte Carcasset"},"content":{"rendered":"","protected":false},"excerpt":{"rendered":"","protected":false},"author":1,"featured_media":2215,"parent":0,"menu_order":0,"comment_status":"closed","ping_status":"closed","template":"","meta":{"_acf_changed":false,"inline_featured_image":false,"footnotes":""},"class_list":["post-1556","page","type-page","status-publish","has-post-thumbnail","hentry"],"acf":[],"yoast_head":"<!-- This site is optimized with the Yoast SEO plugin v27.5 - https:\/\/yoast.com\/product\/yoast-seo-wordpress\/ -->\n<title>Ch\u00e2teau Laffitte Carcasset &#8226; Ch\u00e2teau Laffitte Carcasset, Saint-Est\u00e8phe<\/title>\n<meta name=\"description\" content=\"Ch\u00e2teau Laffitte Carcasset is one of the oldest estates in the Saint-Est\u00e8phe appellation.The first reference to the vineyard dates back to 1759: the property was registered on the map of Belleyme in 1767 at \u201cLe Carcasset\u201d, in the heart of the Saint-Est\u00e8phe appellation.\" \/>\n<meta name=\"robots\" content=\"index, follow, max-snippet:-1, max-image-preview:large, max-video-preview:-1\" \/>\n<link rel=\"canonical\" href=\"https:\/\/laffittecarcasset.com\/en\/\" \/>\n<meta property=\"og:locale\" content=\"en_US\" \/>\n<meta property=\"og:type\" content=\"article\" \/>\n<meta property=\"og:title\" content=\"Ch\u00e2teau Laffitte Carcasset &#8226; Ch\u00e2teau Laffitte Carcasset, Saint-Est\u00e8phe\" \/>\n<meta property=\"og:description\" content=\"Ch\u00e2teau Laffitte Carcasset is one of the oldest estates in the Saint-Est\u00e8phe appellation.The first reference to the vineyard dates back to 1759: the property was registered on the map of Belleyme in 1767 at \u201cLe Carcasset\u201d, in the heart of the Saint-Est\u00e8phe appellation.\" \/>\n<meta property=\"og:url\" content=\"https:\/\/laffittecarcasset.com\/en\/\" \/>\n<meta property=\"og:site_name\" content=\"Ch\u00e2teau Laffitte Carcasset, Saint-Est\u00e8phe\" \/>\n<meta property=\"article:publisher\" content=\"https:\/\/fr-fr.facebook.com\/ChateauLaffitteCarcasset\/\" \/>\n<meta property=\"article:modified_time\" content=\"2022-12-16T09:38:15+00:00\" \/>\n<meta property=\"og:image\" content=\"https:\/\/laffittecarcasset.com\/wp-content\/uploads\/2022\/12\/Chateau-Laffitte-Carcasset-202205-314.jpg\" \/>\n\t<meta property=\"og:image:width\" content=\"1619\" \/>\n\t<meta property=\"og:image:height\" content=\"1080\" \/>\n\t<meta property=\"og:image:type\" content=\"image\/jpeg\" \/>\n<meta name=\"twitter:card\" content=\"summary_large_image\" \/>\n<script type=\"application\/ld+json\" class=\"yoast-schema-graph\">{\"@context\":\"https:\\\/\\\/schema.org\",\"@graph\":[{\"@type\":\"WebPage\",\"@id\":\"https:\\\/\\\/laffittecarcasset.com\\\/en\\\/\",\"url\":\"https:\\\/\\\/laffittecarcasset.com\\\/en\\\/\",\"name\":\"Ch\u00e2teau Laffitte Carcasset &#8226; Ch\u00e2teau Laffitte Carcasset, Saint-Est\u00e8phe\",\"isPartOf\":{\"@id\":\"https:\\\/\\\/laffittecarcasset.com\\\/#website\"},\"primaryImageOfPage\":{\"@id\":\"https:\\\/\\\/laffittecarcasset.com\\\/en\\\/#primaryimage\"},\"image\":{\"@id\":\"https:\\\/\\\/laffittecarcasset.com\\\/en\\\/#primaryimage\"},\"thumbnailUrl\":\"https:\\\/\\\/laffittecarcasset.com\\\/wp-content\\\/uploads\\\/2022\\\/12\\\/Chateau-Laffitte-Carcasset-202205-314.jpg\",\"datePublished\":\"2022-11-14T14:27:06+00:00\",\"dateModified\":\"2022-12-16T09:38:15+00:00\",\"description\":\"Ch\u00e2teau Laffitte Carcasset is one of the oldest estates in the Saint-Est\u00e8phe appellation.The first reference to the vineyard dates back to 1759: the property was registered on the map of Belleyme in 1767 at \u201cLe Carcasset\u201d, in the heart of the Saint-Est\u00e8phe appellation.\",\"breadcrumb\":{\"@id\":\"https:\\\/\\\/laffittecarcasset.com\\\/en\\\/#breadcrumb\"},\"inLanguage\":\"en-US\",\"potentialAction\":[{\"@type\":\"ReadAction\",\"target\":[\"https:\\\/\\\/laffittecarcasset.com\\\/en\\\/\"]}]},{\"@type\":\"ImageObject\",\"inLanguage\":\"en-US\",\"@id\":\"https:\\\/\\\/laffittecarcasset.com\\\/en\\\/#primaryimage\",\"url\":\"https:\\\/\\\/laffittecarcasset.com\\\/wp-content\\\/uploads\\\/2022\\\/12\\\/Chateau-Laffitte-Carcasset-202205-314.jpg\",\"contentUrl\":\"https:\\\/\\\/laffittecarcasset.com\\\/wp-content\\\/uploads\\\/2022\\\/12\\\/Chateau-Laffitte-Carcasset-202205-314.jpg\",\"width\":1619,\"height\":1080},{\"@type\":\"BreadcrumbList\",\"@id\":\"https:\\\/\\\/laffittecarcasset.com\\\/en\\\/#breadcrumb\",\"itemListElement\":[{\"@type\":\"ListItem\",\"position\":1,\"name\":\"Accueil\",\"item\":\"https:\\\/\\\/laffittecarcasset.com\\\/en\\\/\"},{\"@type\":\"ListItem\",\"position\":2,\"name\":\"Ch\u00e2teau Laffitte Carcasset\"}]},{\"@type\":\"WebSite\",\"@id\":\"https:\\\/\\\/laffittecarcasset.com\\\/#website\",\"url\":\"https:\\\/\\\/laffittecarcasset.com\\\/\",\"name\":\"Ch\u00e2teau Laffitte Carcasset, Saint-Est\u00e8phe\",\"description\":\"Fond\u00e9 en 1759. Certifi\u00e9 HVE3 (High Environmental Value). Chambres d\u2019h\u00f4tes\",\"publisher\":{\"@id\":\"https:\\\/\\\/laffittecarcasset.com\\\/#organization\"},\"potentialAction\":[{\"@type\":\"SearchAction\",\"target\":{\"@type\":\"EntryPoint\",\"urlTemplate\":\"https:\\\/\\\/laffittecarcasset.com\\\/?s={search_term_string}\"},\"query-input\":{\"@type\":\"PropertyValueSpecification\",\"valueRequired\":true,\"valueName\":\"search_term_string\"}}],\"inLanguage\":\"en-US\"},{\"@type\":\"Organization\",\"@id\":\"https:\\\/\\\/laffittecarcasset.com\\\/#organization\",\"name\":\"Ch\u00e2teau Laffitte Carcasset, Saint-Est\u00e8phe\",\"url\":\"https:\\\/\\\/laffittecarcasset.com\\\/\",\"logo\":{\"@type\":\"ImageObject\",\"inLanguage\":\"en-US\",\"@id\":\"https:\\\/\\\/laffittecarcasset.com\\\/#\\\/schema\\\/logo\\\/image\\\/\",\"url\":\"https:\\\/\\\/laffittecarcasset.com\\\/wp-content\\\/uploads\\\/2022\\\/06\\\/Laffitte-Carcasset-noir.svg\",\"contentUrl\":\"https:\\\/\\\/laffittecarcasset.com\\\/wp-content\\\/uploads\\\/2022\\\/06\\\/Laffitte-Carcasset-noir.svg\",\"width\":\"1024\",\"height\":\"1024\",\"caption\":\"Ch\u00e2teau Laffitte Carcasset, Saint-Est\u00e8phe\"},\"image\":{\"@id\":\"https:\\\/\\\/laffittecarcasset.com\\\/#\\\/schema\\\/logo\\\/image\\\/\"},\"sameAs\":[\"https:\\\/\\\/fr-fr.facebook.com\\\/ChateauLaffitteCarcasset\\\/\",\"https:\\\/\\\/www.instagram.com\\\/chateau_laffitte_carcasset\\\/\"]}]}<\/script>\n<!-- \/ Yoast SEO plugin. -->","yoast_head_json":{"title":"Ch\u00e2teau Laffitte Carcasset &#8226; Ch\u00e2teau Laffitte Carcasset, Saint-Est\u00e8phe","description":"Ch\u00e2teau Laffitte Carcasset is one of the oldest estates in the Saint-Est\u00e8phe appellation.The first reference to the vineyard dates back to 1759: the property was registered on the map of Belleyme in 1767 at \u201cLe Carcasset\u201d, in the heart of the Saint-Est\u00e8phe appellation.","robots":{"index":"index","follow":"follow","max-snippet":"max-snippet:-1","max-image-preview":"max-image-preview:large","max-video-preview":"max-video-preview:-1"},"canonical":"https:\/\/laffittecarcasset.com\/en\/","og_locale":"en_US","og_type":"article","og_title":"Ch\u00e2teau Laffitte Carcasset &#8226; Ch\u00e2teau Laffitte Carcasset, Saint-Est\u00e8phe","og_description":"Ch\u00e2teau Laffitte Carcasset is one of the oldest estates in the Saint-Est\u00e8phe appellation.The first reference to the vineyard dates back to 1759: the property was registered on the map of Belleyme in 1767 at \u201cLe Carcasset\u201d, in the heart of the Saint-Est\u00e8phe appellation.","og_url":"https:\/\/laffittecarcasset.com\/en\/","og_site_name":"Ch\u00e2teau Laffitte Carcasset, Saint-Est\u00e8phe","article_publisher":"https:\/\/fr-fr.facebook.com\/ChateauLaffitteCarcasset\/","article_modified_time":"2022-12-16T09:38:15+00:00","og_image":[{"width":1619,"height":1080,"url":"https:\/\/laffittecarcasset.com\/wp-content\/uploads\/2022\/12\/Chateau-Laffitte-Carcasset-202205-314.jpg","type":"image\/jpeg"}],"twitter_card":"summary_large_image","schema":{"@context":"https:\/\/schema.org","@graph":[{"@type":"WebPage","@id":"https:\/\/laffittecarcasset.com\/en\/","url":"https:\/\/laffittecarcasset.com\/en\/","name":"Ch\u00e2teau Laffitte Carcasset &#8226; Ch\u00e2teau Laffitte Carcasset, Saint-Est\u00e8phe","isPartOf":{"@id":"https:\/\/laffittecarcasset.com\/#website"},"primaryImageOfPage":{"@id":"https:\/\/laffittecarcasset.com\/en\/#primaryimage"},"image":{"@id":"https:\/\/laffittecarcasset.com\/en\/#primaryimage"},"thumbnailUrl":"https:\/\/laffittecarcasset.com\/wp-content\/uploads\/2022\/12\/Chateau-Laffitte-Carcasset-202205-314.jpg","datePublished":"2022-11-14T14:27:06+00:00","dateModified":"2022-12-16T09:38:15+00:00","description":"Ch\u00e2teau Laffitte Carcasset is one of the oldest estates in the Saint-Est\u00e8phe appellation.The first reference to the vineyard dates back to 1759: the property was registered on the map of Belleyme in 1767 at \u201cLe Carcasset\u201d, in the heart of the Saint-Est\u00e8phe appellation.","breadcrumb":{"@id":"https:\/\/laffittecarcasset.com\/en\/#breadcrumb"},"inLanguage":"en-US","potentialAction":[{"@type":"ReadAction","target":["https:\/\/laffittecarcasset.com\/en\/"]}]},{"@type":"ImageObject","inLanguage":"en-US","@id":"https:\/\/laffittecarcasset.com\/en\/#primaryimage","url":"https:\/\/laffittecarcasset.com\/wp-content\/uploads\/2022\/12\/Chateau-Laffitte-Carcasset-202205-314.jpg","contentUrl":"https:\/\/laffittecarcasset.com\/wp-content\/uploads\/2022\/12\/Chateau-Laffitte-Carcasset-202205-314.jpg","width":1619,"height":1080},{"@type":"BreadcrumbList","@id":"https:\/\/laffittecarcasset.com\/en\/#breadcrumb","itemListElement":[{"@type":"ListItem","position":1,"name":"Accueil","item":"https:\/\/laffittecarcasset.com\/en\/"},{"@type":"ListItem","position":2,"name":"Ch\u00e2teau Laffitte Carcasset"}]},{"@type":"WebSite","@id":"https:\/\/laffittecarcasset.com\/#website","url":"https:\/\/laffittecarcasset.com\/","name":"Ch\u00e2teau Laffitte Carcasset, Saint-Est\u00e8phe","description":"Fond\u00e9 en 1759. Certifi\u00e9 HVE3 (High Environmental Value). Chambres d\u2019h\u00f4tes","publisher":{"@id":"https:\/\/laffittecarcasset.com\/#organization"},"potentialAction":[{"@type":"SearchAction","target":{"@type":"EntryPoint","urlTemplate":"https:\/\/laffittecarcasset.com\/?s={search_term_string}"},"query-input":{"@type":"PropertyValueSpecification","valueRequired":true,"valueName":"search_term_string"}}],"inLanguage":"en-US"},{"@type":"Organization","@id":"https:\/\/laffittecarcasset.com\/#organization","name":"Ch\u00e2teau Laffitte Carcasset, Saint-Est\u00e8phe","url":"https:\/\/laffittecarcasset.com\/","logo":{"@type":"ImageObject","inLanguage":"en-US","@id":"https:\/\/laffittecarcasset.com\/#\/schema\/logo\/image\/","url":"https:\/\/laffittecarcasset.com\/wp-content\/uploads\/2022\/06\/Laffitte-Carcasset-noir.svg","contentUrl":"https:\/\/laffittecarcasset.com\/wp-content\/uploads\/2022\/06\/Laffitte-Carcasset-noir.svg","width":"1024","height":"1024","caption":"Ch\u00e2teau Laffitte Carcasset, Saint-Est\u00e8phe"},"image":{"@id":"https:\/\/laffittecarcasset.com\/#\/schema\/logo\/image\/"},"sameAs":["https:\/\/fr-fr.facebook.com\/ChateauLaffitteCarcasset\/","https:\/\/www.instagram.com\/chateau_laffitte_carcasset\/"]}]}},"_links":{"self":[{"href":"https:\/\/laffittecarcasset.com\/en\/wp-json\/wp\/v2\/pages\/1556","targetHints":{"allow":["GET"]}}],"collection":[{"href":"https:\/\/laffittecarcasset.com\/en\/wp-json\/wp\/v2\/pages"}],"about":[{"href":"https:\/\/laffittecarcasset.com\/en\/wp-json\/wp\/v2\/types\/page"}],"author":[{"embeddable":true,"href":"https:\/\/laffittecarcasset.com\/en\/wp-json\/wp\/v2\/users\/1"}],"replies":[{"embeddable":true,"href":"https:\/\/laffittecarcasset.com\/en\/wp-json\/wp\/v2\/comments?post=1556"}],"version-history":[{"count":7,"href":"https:\/\/laffittecarcasset.com\/en\/wp-json\/wp\/v2\/pages\/1556\/revisions"}],"predecessor-version":[{"id":2109,"href":"https:\/\/laffittecarcasset.com\/en\/wp-json\/wp\/v2\/pages\/1556\/revisions\/2109"}],"wp:featuredmedia":[{"embeddable":true,"href":"https:\/\/laffittecarcasset.com\/en\/wp-json\/wp\/v2\/media\/2215"}],"wp:attachment":[{"href":"https:\/\/laffittecarcasset.com\/en\/wp-json\/wp\/v2\/media?parent=1556"}],"curies":[{"name":"wp","href":"https:\/\/api.w.org\/{rel}","templated":true}]}}